{"id":24,"date":"2021-05-07T13:25:50","date_gmt":"2021-05-07T11:25:50","guid":{"rendered":"https:\/\/grupoautor.es\/?page_id=24"},"modified":"2022-05-20T09:29:19","modified_gmt":"2022-05-20T07:29:19","slug":"informate","status":"publish","type":"page","link":"https:\/\/grupoautor.es\/en\/informate\/","title":{"rendered":"Inf\u00f3rmate"},"content":{"rendered":"<div data-elementor-type=\"wp-page\" data-elementor-id=\"24\" class=\"elementor elementor-24\" data-elementor-post-type=\"page\">\n\t\t\t\t\t\t<section class=\"elementor-section elementor-top-section elementor-element elementor-element-8dc6405 elementor-section-boxed elementor-section-height-default elementor-section-height-default\" data-id=\"8dc6405\" data-element_type=\"section\">\n\t\t\t\t\t\t<div class=\"elementor-container elementor-column-gap-default\">\n\t\t\t\t\t<div class=\"elementor-column elementor-col-100 elementor-top-column elementor-element elementor-element-8a8cd91\" data-id=\"8a8cd91\" data-element_type=\"column\">\n\t\t\t<div class=\"elementor-widget-wrap elementor-element-populated\">\n\t\t\t\t\t\t<div class=\"elementor-element elementor-element-a8acdb5 elementor-invisible elementor-widget elementor-widget-heading\" data-id=\"a8acdb5\" data-element_type=\"widget\" data-settings=\"{&quot;_animation&quot;:&quot;fadeInLeft&quot;}\" data-widget_type=\"heading.default\">\n\t\t\t\t<div class=\"elementor-widget-container\">\n\t\t\t<h1 class=\"elementor-heading-title elementor-size-default\">Present<\/h1>\t\t<\/div>\n\t\t\t\t<\/div>\n\t\t\t\t<div class=\"elementor-element elementor-element-ed0910d elementor-grid-3 elementor-grid-tablet-2 elementor-grid-mobile-1 elementor-posts--thumbnail-top elementor-card-shadow-yes elementor-posts__hover-gradient elementor-invisible elementor-widget elementor-widget-posts\" data-id=\"ed0910d\" data-element_type=\"widget\" data-settings=\"{&quot;pagination_type&quot;:&quot;numbers&quot;,&quot;_animation&quot;:&quot;fadeInUp&quot;,&quot;cards_columns&quot;:&quot;3&quot;,&quot;cards_columns_tablet&quot;:&quot;2&quot;,&quot;cards_columns_mobile&quot;:&quot;1&quot;,&quot;cards_row_gap&quot;:{&quot;unit&quot;:&quot;px&quot;,&quot;size&quot;:35,&quot;sizes&quot;:[]},&quot;cards_row_gap_tablet&quot;:{&quot;unit&quot;:&quot;px&quot;,&quot;size&quot;:&quot;&quot;,&quot;sizes&quot;:[]},&quot;cards_row_gap_mobile&quot;:{&quot;unit&quot;:&quot;px&quot;,&quot;size&quot;:&quot;&quot;,&quot;sizes&quot;:[]}}\" data-widget_type=\"posts.cards\">\n\t\t\t\t<div class=\"elementor-widget-container\">\n\t\t\t\t\t<div class=\"elementor-posts-container elementor-posts elementor-posts--skin-cards elementor-grid\">\n\t\t\t\t<article class=\"elementor-post elementor-grid-item post-2924 post type-post status-publish format-standard has-post-thumbnail hentry category-sin-categoria\">\n\t\t\t<div class=\"elementor-post__card\">\n\t\t\t\t<a class=\"elementor-post__thumbnail__link\" href=\"https:\/\/grupoautor.es\/en\/melon-de-autor-y-sandia-foodie-como-aliados-naturales-para-el-deporte\/\" tabindex=\"-1\" ><div class=\"elementor-post__thumbnail\"><img fetchpriority=\"high\" decoding=\"async\" width=\"768\" height=\"432\" src=\"https:\/\/grupoautor.es\/wp-content\/uploads\/2024\/05\/PMM_2405_notaprensa-768x432.jpg\" class=\"attachment-medium_large size-medium_large wp-image-2925\" alt=\"\" srcset=\"https:\/\/grupoautor.es\/wp-content\/uploads\/2024\/05\/PMM_2405_notaprensa-768x432.jpg 768w, https:\/\/grupoautor.es\/wp-content\/uploads\/2024\/05\/PMM_2405_notaprensa-300x169.jpg 300w, https:\/\/grupoautor.es\/wp-content\/uploads\/2024\/05\/PMM_2405_notaprensa-1024x576.jpg 1024w, https:\/\/grupoautor.es\/wp-content\/uploads\/2024\/05\/PMM_2405_notaprensa-18x10.jpg 18w, https:\/\/grupoautor.es\/wp-content\/uploads\/2024\/05\/PMM_2405_notaprensa.jpg 1260w\" sizes=\"(max-width: 768px) 100vw, 768px\" \/><\/div><\/a>\n\t\t\t\t<div class=\"elementor-post__text\">\n\t\t\t\t<h3 class=\"elementor-post__title\">\n\t\t\t<a href=\"https:\/\/grupoautor.es\/en\/melon-de-autor-y-sandia-foodie-como-aliados-naturales-para-el-deporte\/\" >\n\t\t\t\tSignature Melon and Watermelon Foodie as natural allies for sports\t\t\t<\/a>\n\t\t<\/h3>\n\t\t\t\t<div class=\"elementor-post__excerpt\">\n\t\t\t<p>In a world where conscious and healthy eating is becoming increasingly important, Grupo Autor leads the way towards a greater understanding of<\/p>\n\t\t<\/div>\n\t\t\n\t\t<a class=\"elementor-post__read-more\" href=\"https:\/\/grupoautor.es\/en\/melon-de-autor-y-sandia-foodie-como-aliados-naturales-para-el-deporte\/\" aria-label=\"Read more about Mel\u00f3n de Autor y Sand\u00eda Foodie como aliados naturales para el deporte\" tabindex=\"-1\" >\n\t\t\tRead More &gt;&gt;\t\t<\/a>\n\n\t\t\t\t<\/div>\n\t\t\t\t\t<\/div>\n\t\t<\/article>\n\t\t\t\t<article class=\"elementor-post elementor-grid-item post-2920 post type-post status-publish format-standard has-post-thumbnail hentry category-sin-categoria\">\n\t\t\t<div class=\"elementor-post__card\">\n\t\t\t\t<a class=\"elementor-post__thumbnail__link\" href=\"https:\/\/grupoautor.es\/en\/grupo-autor-lideres-en-la-produccion-y-distribucion-de-frutas-de-calidad-premium\/\" tabindex=\"-1\" ><div class=\"elementor-post__thumbnail\"><img decoding=\"async\" width=\"768\" height=\"432\" src=\"https:\/\/grupoautor.es\/wp-content\/uploads\/2024\/04\/IMG_3480-2-768x432.jpg\" class=\"attachment-medium_large size-medium_large wp-image-2921\" alt=\"\" srcset=\"https:\/\/grupoautor.es\/wp-content\/uploads\/2024\/04\/IMG_3480-2-768x432.jpg 768w, https:\/\/grupoautor.es\/wp-content\/uploads\/2024\/04\/IMG_3480-2-300x169.jpg 300w, https:\/\/grupoautor.es\/wp-content\/uploads\/2024\/04\/IMG_3480-2-1024x576.jpg 1024w, https:\/\/grupoautor.es\/wp-content\/uploads\/2024\/04\/IMG_3480-2-1536x864.jpg 1536w, https:\/\/grupoautor.es\/wp-content\/uploads\/2024\/04\/IMG_3480-2-2048x1152.jpg 2048w, https:\/\/grupoautor.es\/wp-content\/uploads\/2024\/04\/IMG_3480-2-18x10.jpg 18w\" sizes=\"(max-width: 768px) 100vw, 768px\" \/><\/div><\/a>\n\t\t\t\t<div class=\"elementor-post__text\">\n\t\t\t\t<h3 class=\"elementor-post__title\">\n\t\t\t<a href=\"https:\/\/grupoautor.es\/en\/grupo-autor-lideres-en-la-produccion-y-distribucion-de-frutas-de-calidad-premium\/\" >\n\t\t\t\tGrupo Autor: Leaders in the production and distribution of premium quality fruits\u00a0\u00a0\t\t\t<\/a>\n\t\t<\/h3>\n\t\t\t\t<div class=\"elementor-post__excerpt\">\n\t\t\t<p>Grupo Autor specializes in the production, marketing and distribution of Mel\u00f3n de Autor and Watermelon Foodie, two lines of premium quality fruits aimed<\/p>\n\t\t<\/div>\n\t\t\n\t\t<a class=\"elementor-post__read-more\" href=\"https:\/\/grupoautor.es\/en\/grupo-autor-lideres-en-la-produccion-y-distribucion-de-frutas-de-calidad-premium\/\" aria-label=\"Read more about Grupo Autor: L\u00edderes en la producci\u00f3n y distribuci\u00f3n de frutas de calidad premium\u00a0\u00a0\" tabindex=\"-1\" >\n\t\t\tRead More &gt;&gt;\t\t<\/a>\n\n\t\t\t\t<\/div>\n\t\t\t\t\t<\/div>\n\t\t<\/article>\n\t\t\t\t<article class=\"elementor-post elementor-grid-item post-2915 post type-post status-publish format-standard has-post-thumbnail hentry category-sin-categoria\">\n\t\t\t<div class=\"elementor-post__card\">\n\t\t\t\t<a class=\"elementor-post__thumbnail__link\" href=\"https:\/\/grupoautor.es\/en\/fortalece-tu-sistema-inmunitario-esta-primavera\/\" tabindex=\"-1\" ><div class=\"elementor-post__thumbnail\"><img decoding=\"async\" width=\"768\" height=\"432\" src=\"https:\/\/grupoautor.es\/wp-content\/uploads\/2024\/04\/PMM_sistema-inmune-blog-768x432.jpeg\" class=\"attachment-medium_large size-medium_large wp-image-2917\" alt=\"\" srcset=\"https:\/\/grupoautor.es\/wp-content\/uploads\/2024\/04\/PMM_sistema-inmune-blog-768x432.jpeg 768w, https:\/\/grupoautor.es\/wp-content\/uploads\/2024\/04\/PMM_sistema-inmune-blog-300x169.jpeg 300w, https:\/\/grupoautor.es\/wp-content\/uploads\/2024\/04\/PMM_sistema-inmune-blog-1024x576.jpeg 1024w, https:\/\/grupoautor.es\/wp-content\/uploads\/2024\/04\/PMM_sistema-inmune-blog-18x10.jpeg 18w, https:\/\/grupoautor.es\/wp-content\/uploads\/2024\/04\/PMM_sistema-inmune-blog.jpeg 1260w\" sizes=\"(max-width: 768px) 100vw, 768px\" \/><\/div><\/a>\n\t\t\t\t<div class=\"elementor-post__text\">\n\t\t\t\t<h3 class=\"elementor-post__title\">\n\t\t\t<a href=\"https:\/\/grupoautor.es\/en\/fortalece-tu-sistema-inmunitario-esta-primavera\/\" >\n\t\t\t\tStrengthen your immune system this spring\t\t\t<\/a>\n\t\t<\/h3>\n\t\t\t\t<div class=\"elementor-post__excerpt\">\n\t\t\t<p>Grupo Autor highlights the importance of maintaining a healthy lifestyle, especially at this time of year. An essential part of this well-being is provided by<\/p>\n\t\t<\/div>\n\t\t\n\t\t<a class=\"elementor-post__read-more\" href=\"https:\/\/grupoautor.es\/en\/fortalece-tu-sistema-inmunitario-esta-primavera\/\" aria-label=\"Read more about Fortalece tu sistema inmunitario esta primavera\" tabindex=\"-1\" >\n\t\t\tRead More &gt;&gt;\t\t<\/a>\n\n\t\t\t\t<\/div>\n\t\t\t\t\t<\/div>\n\t\t<\/article>\n\t\t\t\t<article class=\"elementor-post elementor-grid-item post-2911 post type-post status-publish format-standard has-post-thumbnail hentry category-sin-categoria\">\n\t\t\t<div class=\"elementor-post__card\">\n\t\t\t\t<a class=\"elementor-post__thumbnail__link\" href=\"https:\/\/grupoautor.es\/en\/producto-diferencial-residuo-cero\/\" tabindex=\"-1\" ><div class=\"elementor-post__thumbnail\"><img loading=\"lazy\" decoding=\"async\" width=\"768\" height=\"432\" src=\"https:\/\/grupoautor.es\/wp-content\/uploads\/2024\/02\/PMM_240219-768x432.jpg\" class=\"attachment-medium_large size-medium_large wp-image-2912\" alt=\"\" srcset=\"https:\/\/grupoautor.es\/wp-content\/uploads\/2024\/02\/PMM_240219-768x432.jpg 768w, https:\/\/grupoautor.es\/wp-content\/uploads\/2024\/02\/PMM_240219-300x169.jpg 300w, https:\/\/grupoautor.es\/wp-content\/uploads\/2024\/02\/PMM_240219-1024x576.jpg 1024w, https:\/\/grupoautor.es\/wp-content\/uploads\/2024\/02\/PMM_240219-18x10.jpg 18w, https:\/\/grupoautor.es\/wp-content\/uploads\/2024\/02\/PMM_240219.jpg 1260w\" sizes=\"(max-width: 768px) 100vw, 768px\" \/><\/div><\/a>\n\t\t\t\t<div class=\"elementor-post__text\">\n\t\t\t\t<h3 class=\"elementor-post__title\">\n\t\t\t<a href=\"https:\/\/grupoautor.es\/en\/producto-diferencial-residuo-cero\/\" >\n\t\t\t\tDifferential product: Zero Waste\t\t\t<\/a>\n\t\t<\/h3>\n\t\t\t\t<div class=\"elementor-post__excerpt\">\n\t\t\t<p>At Grupo Autor, concern about climate change and its impact on agricultural production is a priority that guides our operations and philosophy.<\/p>\n\t\t<\/div>\n\t\t\n\t\t<a class=\"elementor-post__read-more\" href=\"https:\/\/grupoautor.es\/en\/producto-diferencial-residuo-cero\/\" aria-label=\"Read more about Producto diferencial: Residuo Cero\" tabindex=\"-1\" >\n\t\t\tRead More &gt;&gt;\t\t<\/a>\n\n\t\t\t\t<\/div>\n\t\t\t\t\t<\/div>\n\t\t<\/article>\n\t\t\t\t<article class=\"elementor-post elementor-grid-item post-2907 post type-post status-publish format-standard has-post-thumbnail hentry category-sin-categoria\">\n\t\t\t<div class=\"elementor-post__card\">\n\t\t\t\t<a class=\"elementor-post__thumbnail__link\" href=\"https:\/\/grupoautor.es\/en\/grupo-autor-excelencia-e-innovacion-en-los-cultivos\/\" tabindex=\"-1\" ><div class=\"elementor-post__thumbnail\"><img loading=\"lazy\" decoding=\"async\" width=\"768\" height=\"432\" src=\"https:\/\/grupoautor.es\/wp-content\/uploads\/2024\/01\/PMM_2401_Procesos-768x432.jpg\" class=\"attachment-medium_large size-medium_large wp-image-2908\" alt=\"\" srcset=\"https:\/\/grupoautor.es\/wp-content\/uploads\/2024\/01\/PMM_2401_Procesos-768x432.jpg 768w, https:\/\/grupoautor.es\/wp-content\/uploads\/2024\/01\/PMM_2401_Procesos-300x169.jpg 300w, https:\/\/grupoautor.es\/wp-content\/uploads\/2024\/01\/PMM_2401_Procesos-1024x576.jpg 1024w, https:\/\/grupoautor.es\/wp-content\/uploads\/2024\/01\/PMM_2401_Procesos-18x10.jpg 18w, https:\/\/grupoautor.es\/wp-content\/uploads\/2024\/01\/PMM_2401_Procesos.jpg 1260w\" sizes=\"(max-width: 768px) 100vw, 768px\" \/><\/div><\/a>\n\t\t\t\t<div class=\"elementor-post__text\">\n\t\t\t\t<h3 class=\"elementor-post__title\">\n\t\t\t<a href=\"https:\/\/grupoautor.es\/en\/grupo-autor-excelencia-e-innovacion-en-los-cultivos\/\" >\n\t\t\t\tGrupo Autor, excellence and innovation in crops.\t\t\t<\/a>\n\t\t<\/h3>\n\t\t\t\t<div class=\"elementor-post__excerpt\">\n\t\t\t<p>At Grupo Autor, we are committed to excellence and innovation at every stage of fruit production, from soil selection to<\/p>\n\t\t<\/div>\n\t\t\n\t\t<a class=\"elementor-post__read-more\" href=\"https:\/\/grupoautor.es\/en\/grupo-autor-excelencia-e-innovacion-en-los-cultivos\/\" aria-label=\"Read more about Grupo Autor, excelencia e innovaci\u00f3n en los cultivos.\" tabindex=\"-1\" >\n\t\t\tRead More &gt;&gt;\t\t<\/a>\n\n\t\t\t\t<\/div>\n\t\t\t\t\t<\/div>\n\t\t<\/article>\n\t\t\t\t<article class=\"elementor-post elementor-grid-item post-2891 post type-post status-publish format-standard has-post-thumbnail hentry category-sin-categoria\">\n\t\t\t<div class=\"elementor-post__card\">\n\t\t\t\t<a class=\"elementor-post__thumbnail__link\" href=\"https:\/\/grupoautor.es\/en\/navidad-y-melon-de-autor\/\" tabindex=\"-1\" ><div class=\"elementor-post__thumbnail\"><img loading=\"lazy\" decoding=\"async\" width=\"768\" height=\"432\" src=\"https:\/\/grupoautor.es\/wp-content\/uploads\/2023\/12\/PMM_2312_ndp-768x432.jpg\" class=\"attachment-medium_large size-medium_large wp-image-2892\" alt=\"\" srcset=\"https:\/\/grupoautor.es\/wp-content\/uploads\/2023\/12\/PMM_2312_ndp-768x432.jpg 768w, https:\/\/grupoautor.es\/wp-content\/uploads\/2023\/12\/PMM_2312_ndp-300x169.jpg 300w, https:\/\/grupoautor.es\/wp-content\/uploads\/2023\/12\/PMM_2312_ndp-1024x576.jpg 1024w, https:\/\/grupoautor.es\/wp-content\/uploads\/2023\/12\/PMM_2312_ndp-18x10.jpg 18w, https:\/\/grupoautor.es\/wp-content\/uploads\/2023\/12\/PMM_2312_ndp.jpg 1260w\" sizes=\"(max-width: 768px) 100vw, 768px\" \/><\/div><\/a>\n\t\t\t\t<div class=\"elementor-post__text\">\n\t\t\t\t<h3 class=\"elementor-post__title\">\n\t\t\t<a href=\"https:\/\/grupoautor.es\/en\/navidad-y-melon-de-autor\/\" >\n\t\t\t\tChristmas and Signature Melon\u00a0\t\t\t<\/a>\n\t\t<\/h3>\n\t\t\t\t<div class=\"elementor-post__excerpt\">\n\t\t\t<p>As we approach Christmas, with a focus on gastronomic excellence, Mel\u00f3n de Autor has positioned itself as the favorite choice<\/p>\n\t\t<\/div>\n\t\t\n\t\t<a class=\"elementor-post__read-more\" href=\"https:\/\/grupoautor.es\/en\/navidad-y-melon-de-autor\/\" aria-label=\"Read more about Navidad y Mel\u00f3n de Autor\u00a0\" tabindex=\"-1\" >\n\t\t\tRead More &gt;&gt;\t\t<\/a>\n\n\t\t\t\t<\/div>\n\t\t\t\t\t<\/div>\n\t\t<\/article>\n\t\t\t\t<\/div>\n\t\t\n\t\t\t\t<div class=\"e-load-more-anchor\" data-page=\"1\" data-max-page=\"8\" data-next-page=\"https:\/\/grupoautor.es\/en\/wp-json\/wp\/v2\/pages\/24\/page\/2\/\"><\/div>\n\t\t\t\t<nav class=\"elementor-pagination\" aria-label=\"Pagination\">\n\t\t\t<span aria-current=\"page\" class=\"page-numbers current\"><span class=\"elementor-screen-only\">Page<\/span>1<\/span>\n<a class=\"page-numbers\" href=\"https:\/\/grupoautor.es\/en\/wp-json\/wp\/v2\/pages\/24\/page\/2\/\"><span class=\"elementor-screen-only\">Page<\/span>2<\/a>\n<a class=\"page-numbers\" href=\"https:\/\/grupoautor.es\/en\/wp-json\/wp\/v2\/pages\/24\/page\/3\/\"><span class=\"elementor-screen-only\">Page<\/span>3<\/a>\n<a class=\"page-numbers\" href=\"https:\/\/grupoautor.es\/en\/wp-json\/wp\/v2\/pages\/24\/page\/4\/\"><span class=\"elementor-screen-only\">Page<\/span>4<\/a>\n<a class=\"page-numbers\" href=\"https:\/\/grupoautor.es\/en\/wp-json\/wp\/v2\/pages\/24\/page\/5\/\"><span class=\"elementor-screen-only\">Page<\/span>5<\/a>\t\t<\/nav>\n\t\t\t\t<\/div>\n\t\t\t\t<\/div>\n\t\t\t\t\t<\/div>\n\t\t<\/div>\n\t\t\t\t\t<\/div>\n\t\t<\/section>\n\t\t\t\t<\/div>","protected":false},"excerpt":{"rendered":"<p>Present<\/p>","protected":false},"author":4,"featured_media":0,"parent":0,"menu_order":0,"comment_status":"closed","ping_status":"closed","template":"elementor_header_footer","meta":{"footnotes":""},"class_list":["post-24","page","type-page","status-publish","hentry"],"yoast_head":"<!-- This site is optimized with the Yoast SEO plugin v23.6 - https:\/\/yoast.com\/wordpress\/plugins\/seo\/ -->\n<title>Inf\u00f3rmate - Grupo Autor<\/title>\n<meta name=\"robots\" content=\"index, follow, max-snippet:-1, max-image-preview:large, max-video-preview:-1\" \/>\n<link rel=\"canonical\" href=\"https:\/\/grupoautor.es\/en\/informate\/\" \/>\n<meta property=\"og:locale\" content=\"en_US\" \/>\n<meta property=\"og:type\" content=\"article\" \/>\n<meta property=\"og:title\" content=\"Inf\u00f3rmate - Grupo Autor\" \/>\n<meta property=\"og:description\" content=\"Actualidad\" \/>\n<meta property=\"og:url\" content=\"https:\/\/grupoautor.es\/en\/informate\/\" \/>\n<meta property=\"og:site_name\" content=\"Grupo Autor\" \/>\n<meta property=\"article:modified_time\" content=\"2022-05-20T07:29:19+00:00\" \/>\n<meta name=\"twitter:card\" content=\"summary_large_image\" \/>\n<meta name=\"twitter:label1\" content=\"Est. reading time\" \/>\n\t<meta name=\"twitter:data1\" content=\"3 minutes\" \/>\n<script type=\"application\/ld+json\" class=\"yoast-schema-graph\">{\"@context\":\"https:\/\/schema.org\",\"@graph\":[{\"@type\":\"WebPage\",\"@id\":\"https:\/\/grupoautor.es\/informate\/\",\"url\":\"https:\/\/grupoautor.es\/informate\/\",\"name\":\"Inf\u00f3rmate - Grupo Autor\",\"isPartOf\":{\"@id\":\"https:\/\/grupoautor.es\/#website\"},\"datePublished\":\"2021-05-07T11:25:50+00:00\",\"dateModified\":\"2022-05-20T07:29:19+00:00\",\"breadcrumb\":{\"@id\":\"https:\/\/grupoautor.es\/informate\/#breadcrumb\"},\"inLanguage\":\"en-US\",\"potentialAction\":[{\"@type\":\"ReadAction\",\"target\":[\"https:\/\/grupoautor.es\/informate\/\"]}]},{\"@type\":\"BreadcrumbList\",\"@id\":\"https:\/\/grupoautor.es\/informate\/#breadcrumb\",\"itemListElement\":[{\"@type\":\"ListItem\",\"position\":1,\"name\":\"Portada\",\"item\":\"https:\/\/grupoautor.es\/\"},{\"@type\":\"ListItem\",\"position\":2,\"name\":\"Inf\u00f3rmate\"}]},{\"@type\":\"WebSite\",\"@id\":\"https:\/\/grupoautor.es\/#website\",\"url\":\"https:\/\/grupoautor.es\/\",\"name\":\"Grupo Autor\",\"description\":\"Frutas premium y de calidad\",\"potentialAction\":[{\"@type\":\"SearchAction\",\"target\":{\"@type\":\"EntryPoint\",\"urlTemplate\":\"https:\/\/grupoautor.es\/?s={search_term_string}\"},\"query-input\":{\"@type\":\"PropertyValueSpecification\",\"valueRequired\":true,\"valueName\":\"search_term_string\"}}],\"inLanguage\":\"en-US\"}]}<\/script>\n<!-- \/ Yoast SEO plugin. -->","yoast_head_json":{"title":"Inf\u00f3rmate - Grupo Autor","robots":{"index":"index","follow":"follow","max-snippet":"max-snippet:-1","max-image-preview":"max-image-preview:large","max-video-preview":"max-video-preview:-1"},"canonical":"https:\/\/grupoautor.es\/en\/informate\/","og_locale":"en_US","og_type":"article","og_title":"Inf\u00f3rmate - Grupo Autor","og_description":"Actualidad","og_url":"https:\/\/grupoautor.es\/en\/informate\/","og_site_name":"Grupo Autor","article_modified_time":"2022-05-20T07:29:19+00:00","twitter_card":"summary_large_image","twitter_misc":{"Est. reading time":"3 minutes"},"schema":{"@context":"https:\/\/schema.org","@graph":[{"@type":"WebPage","@id":"https:\/\/grupoautor.es\/informate\/","url":"https:\/\/grupoautor.es\/informate\/","name":"Inf\u00f3rmate - Grupo Autor","isPartOf":{"@id":"https:\/\/grupoautor.es\/#website"},"datePublished":"2021-05-07T11:25:50+00:00","dateModified":"2022-05-20T07:29:19+00:00","breadcrumb":{"@id":"https:\/\/grupoautor.es\/informate\/#breadcrumb"},"inLanguage":"en-US","potentialAction":[{"@type":"ReadAction","target":["https:\/\/grupoautor.es\/informate\/"]}]},{"@type":"BreadcrumbList","@id":"https:\/\/grupoautor.es\/informate\/#breadcrumb","itemListElement":[{"@type":"ListItem","position":1,"name":"Portada","item":"https:\/\/grupoautor.es\/"},{"@type":"ListItem","position":2,"name":"Inf\u00f3rmate"}]},{"@type":"WebSite","@id":"https:\/\/grupoautor.es\/#website","url":"https:\/\/grupoautor.es\/","name":"Grupo Autor","description":"Frutas premium y de calidad","potentialAction":[{"@type":"SearchAction","target":{"@type":"EntryPoint","urlTemplate":"https:\/\/grupoautor.es\/?s={search_term_string}"},"query-input":{"@type":"PropertyValueSpecification","valueRequired":true,"valueName":"search_term_string"}}],"inLanguage":"en-US"}]}},"_links":{"self":[{"href":"https:\/\/grupoautor.es\/en\/wp-json\/wp\/v2\/pages\/24","targetHints":{"allow":["GET"]}}],"collection":[{"href":"https:\/\/grupoautor.es\/en\/wp-json\/wp\/v2\/pages"}],"about":[{"href":"https:\/\/grupoautor.es\/en\/wp-json\/wp\/v2\/types\/page"}],"author":[{"embeddable":true,"href":"https:\/\/grupoautor.es\/en\/wp-json\/wp\/v2\/users\/4"}],"replies":[{"embeddable":true,"href":"https:\/\/grupoautor.es\/en\/wp-json\/wp\/v2\/comments?post=24"}],"version-history":[{"count":13,"href":"https:\/\/grupoautor.es\/en\/wp-json\/wp\/v2\/pages\/24\/revisions"}],"predecessor-version":[{"id":1601,"href":"https:\/\/grupoautor.es\/en\/wp-json\/wp\/v2\/pages\/24\/revisions\/1601"}],"wp:attachment":[{"href":"https:\/\/grupoautor.es\/en\/wp-json\/wp\/v2\/media?parent=24"}],"curies":[{"name":"wp","href":"https:\/\/api.w.org\/{rel}","templated":true}]}}