{"id":515,"date":"2021-05-27T11:49:27","date_gmt":"2021-05-27T09:49:27","guid":{"rendered":"https:\/\/grupoautor.es\/?page_id=515"},"modified":"2023-12-19T15:36:17","modified_gmt":"2023-12-19T14:36:17","slug":"politica-de-cookies","status":"publish","type":"page","link":"https:\/\/grupoautor.es\/en\/politica-de-cookies\/","title":{"rendered":"Cookies policy"},"content":{"rendered":"<div data-elementor-type=\"wp-page\" data-elementor-id=\"515\" class=\"elementor elementor-515\" data-elementor-post-type=\"page\">\n\t\t\t\t\t\t<section class=\"elementor-section elementor-top-section elementor-element elementor-element-3cfdec59 elementor-section-boxed elementor-section-height-default elementor-section-height-default\" data-id=\"3cfdec59\" data-element_type=\"section\">\n\t\t\t\t\t\t<div class=\"elementor-container elementor-column-gap-default\">\n\t\t\t\t\t<div class=\"elementor-column elementor-col-100 elementor-top-column elementor-element elementor-element-1f863d53\" data-id=\"1f863d53\" data-element_type=\"column\">\n\t\t\t<div class=\"elementor-widget-wrap elementor-element-populated\">\n\t\t\t\t\t\t<div class=\"elementor-element elementor-element-6135fa4a elementor-widget elementor-widget-text-editor\" data-id=\"6135fa4a\" data-element_type=\"widget\" data-widget_type=\"text-editor.default\">\n\t\t\t\t<div class=\"elementor-widget-container\">\n\t\t\t\t\t\t\t<p><!-- wp:paragraph --><\/p>\n<p>This website uses its own and third-party cookies to offer you a better experience and service. By browsing or using our services, the user accepts our use of cookies. However, the user has the option to prevent the generation of cookies and their deletion.<\/p>\n<p>\u00a0<\/p>\n<p><strong>WHAT IS A COOKIE?<\/strong><\/p>\n<p>A cookie is a small fragment of text that websites send to the browser and that are stored on the user&#039;s terminal, which can be a personal computer, mobile phone, tablet, etc. These files allow the website to remember information about your visit, such as language and preferred options, which can make your next visit easier and make the site more useful by customizing its content. Cookies play a very important role in improving the experience of using the Web.<\/p>\n<p><strong>\u00a0<\/strong><\/p>\n<p><strong>TYPES OF COOKIES <\/strong><\/p>\n<p>Depending on the entity that manages them, cookies can be:<\/p>\n<ul>\n<li><strong>Own cookies<\/strong>: These are those that are sent to the interested party&#039;s terminal equipment from a computer or domain managed by the editor itself and from which the service requested by the user is provided.<\/li>\n<li><strong>Third party cookies<\/strong>: These are those that are sent to the user&#039;s terminal equipment from a computer or domain that is not managed by the editor, but by another entity that processes the data obtained through cookies.<\/li>\n<\/ul>\n<p>Depending on the period of time they remain activated:<\/p>\n<ul>\n<li><strong>Session cookies<\/strong>: They are a type of cookies designed to collect and store data while the user accesses a web page. They are usually used to store information that is only interesting to keep for the provision of the service requested by the user on a single occasion.<\/li>\n<li><strong>Persistent cookies<\/strong>: They are a type of cookies in which the data continues to be stored in the terminal and can be accessed and processed during a period defined by the person responsible for the cookie, which can range from a few minutes to several years.<\/li>\n<\/ul>\n<p>\u00a0<\/p>\n<p>Depending on the purpose for which the data obtained through cookies is processed, the website may use:<\/p>\n<p><strong><em>Technical cookies \u2013 <\/em><\/strong>They are those that allow the user to navigate through the website or application and use the different options or services that exist therein. For example, controlling traffic and data communication, identifying the session, accessing restricted access web parts, remembering the elements that make up an order, making a request for registration or participation in an event, using security elements during the navigation and store content for broadcasting videos or sound.<\/p>\n<p><strong><em>Personalization cookies \u2013 <\/em><\/strong>They are those that allow the user to access the service with some general characteristics predefined in their terminal or that the user themselves define. For example, the language, the type of browser through which you access the service, the selected content design, geolocation of the terminal and the regional configuration from which the service is accessed.<\/p>\n<p><strong><em>Advertising cookies \u2013 <\/em><\/strong>They are those that allow the effective management of the advertising spaces that have been included in the website or application from which the service is provided. They allow the advertising content to be adapted so that it is relevant to the user and to avoid showing ads that the user has already seen.<\/p>\n<p><strong><em>Statistical analysis cookies \u2013 <\/em><\/strong>They are those that allow the monitoring and analysis of user behavior on websites. The information collected through this type of cookies is used to measure the activity of the websites, application or platform and to prepare navigation profiles of the users of said sites, in order to introduce improvements in the service based on of the usage data that users make.<\/p>\n<p><strong>The cookies used on this website can be seen in the <a href=\"chrome:\/\/settings\/cookies\" target=\"_blank\" rel=\"noopener\"><em><u>configuration panel<\/u> <\/em><\/a>and adjust your settings at any time.<\/strong><\/p>\n<p><strong>Identification of who uses the cookies, the type of cookies used and other details<\/strong>, is indicated below:<\/p>\n<p>\u00a0<\/p>\n<table>\n<tbody>\n<tr>\n<td colspan=\"3\" width=\"566\">\n<p><strong>Own cookies<\/strong><\/p>\n<\/td>\n<\/tr>\n<tr>\n<td width=\"132\">\n<p><strong>cookies<\/strong><\/p>\n<p>\u00a0<\/p>\n<\/td>\n<td width=\"321\">\n<p><strong>Purpose<\/strong><\/p>\n<\/td>\n<td width=\"113\">\n<p><strong>Conservation period<\/strong><\/p>\n<\/td>\n<\/tr>\n<tr>\n<td width=\"132\">\n<p><strong>Personalization<\/strong><\/p>\n<\/td>\n<td width=\"321\">\n<p>\u00a0Cookies help us remember which people or websites you have interacted with, so we can show you related content.<\/p>\n<\/td>\n<td width=\"113\">\n<p>\u00a0<\/p>\n<\/td>\n<\/tr>\n<tr>\n<td width=\"132\">\n<p><strong>preferences<\/strong><\/p>\n<\/td>\n<td width=\"321\">\n<p>Cookies allow us to remember your settings and preferences, such as your preferred language and privacy settings.<\/p>\n<\/td>\n<td width=\"113\">\u00a0<\/td>\n<\/tr>\n<tr>\n<td width=\"132\">\n<p><strong>Security<\/strong><\/p>\n<\/td>\n<td width=\"321\">\n<p>We use cookies to avoid security risks. Mainly to detect when someone is trying to hack yourgrupoautor.es account.<\/p>\n<\/td>\n<td width=\"113\">\u00a0<\/td>\n<\/tr>\n<\/tbody>\n<\/table>\n<table>\n<tbody>\n<tr>\n<td colspan=\"4\" width=\"566\">\n<p><strong>Third party cookies<\/strong><\/p>\n<\/td>\n<\/tr>\n<tr>\n<td width=\"98\">\n<p><strong>cookies<\/strong><\/p>\n<p><strong>\u00a0<\/strong><\/p>\n<\/td>\n<td width=\"117\">\n<p><strong>Entity that uses cookies<\/strong><\/p>\n<\/td>\n<td width=\"230\">\n<p><strong>Purpose<\/strong><\/p>\n<\/td>\n<td width=\"121\">\n<p><strong>More information<\/strong><\/p>\n<\/td>\n<\/tr>\n<tr>\n<td width=\"98\">\n<p><em><strong>Analytical cookies<\/strong><\/em><\/p>\n<\/td>\n<td width=\"117\">\n<p>Google Analytics<\/p>\n<\/td>\n<td width=\"230\">\n<p>Collect information about users&#039; navigation through the site in order to know the origin of visits and other similar data at a statistical level.<\/p>\n<\/td>\n<td width=\"121\">\n<p><a href=\"https:\/\/developers.google.com\/analytics\/devguides\/collection\/analyticsjs\/cookie-usage\">Google Analytics<\/a><\/p>\n<p><a href=\"http:\/\/www.google.com\/intl\/es\/privacy.html\">Google Privacy Center<\/a><\/p>\n<\/td>\n<\/tr>\n<tr>\n<td width=\"98\">\n<p><em><strong>Social media cookies<\/strong><\/em><\/p>\n<\/td>\n<td width=\"117\">\n<p>Facebook<\/p>\n<p>\u00a0<\/p>\n<p>Twitter<\/p>\n<p>\u00a0<\/p>\n<p>instagram<\/p>\n<p>\u00a0<\/p>\n<p>Youtube<\/p>\n<p>\u00a0<\/p>\n<p>\u00a0<\/p>\n<p>Vimeo<\/p>\n<\/td>\n<td width=\"230\">\n<p>Social network cookies may be stored in your browser while you browse Grupoautor.es, for example, when you use the Grupoautor.es content sharing button on a social network.<\/p>\n<\/td>\n<td width=\"121\">\n<p><a href=\"https:\/\/www.facebook.com\/policies\/cookies\/\">Cookies policy (facebook.com)<\/a><\/p>\n<p><a href=\"https:\/\/twitter.com\/es\/privacy\">Privacy Policy (twitter.com)<\/a><\/p>\n<p><a href=\"https:\/\/www.facebook.com\/policies\/cookies\/\">Cookies policy (facebook.com)<\/a><\/p>\n<p><a href=\"https:\/\/policies.google.com\/technologies\/cookies?hl=es#types-of-cookies\">How Google uses cookies \u2013 Privacy and Conditions \u2013 Google<\/a><\/p>\n<p><a href=\"https:\/\/vimeo.com\/cookie_policy\">Vimeo Cookie Policy<\/a><\/p>\n<\/td>\n<\/tr>\n<tr>\n<td width=\"98\">\n<p><em><strong>Advertising cookies<\/strong><\/em><\/p>\n<\/td>\n<td width=\"117\">\n<p><em><strong>Facebook ads<\/strong><\/em><\/p>\n<p><em><strong>\u00a0<\/strong><\/em><\/p>\n<p><strong>Facebook Remarketing<\/strong><\/p>\n<p><strong>\u00a0<\/strong><\/p>\n<p><em><strong>Google ads<\/strong><\/em><\/p>\n<p><em><strong>\u00a0<\/strong><\/em><\/p>\n<p><strong>Google Ads Conversion Tracking<\/strong><\/p>\n<p><strong>\u00a0<\/strong><\/p>\n<p><strong>Google Ads Remarketing<\/strong><\/p>\n<p><strong>\u00a0<\/strong><\/p>\n<p><strong>Google DoubleClick<\/strong><\/p>\n<\/td>\n<td width=\"230\">\n<p>They are those that, processed by us or by third parties, allow us to analyze your browsing habits on the Internet so that we can show you advertising related to your browsing profile.<\/p>\n<\/td>\n<td width=\"121\">\n<p><a href=\"https:\/\/www.facebook.com\/policies\/cookies\/\">Cookies policy (facebook.com)<\/a><\/p>\n<p>\u00a0<\/p>\n<p>\u00a0<\/p>\n<p>\u00a0<\/p>\n<p>\u00a0<\/p>\n<p><a href=\"https:\/\/business.safety.google\/adscookies\/\">https:\/\/business.safety.google\/adscookies\/<\/a><\/p>\n<p>\u00a0<\/p>\n<p><a href=\"https:\/\/business.safety.google\/adscookies\/\">https:\/\/business.safety.google\/adscookies\/<\/a><\/p>\n<p>\u00a0<\/p>\n<p>\u00a0<\/p>\n<p>\u00a0<\/p>\n<p><a href=\"https:\/\/support.google.com\/google-ads\/answer\/2549116?hl=es&amp;ref_topic=3123080\">About privacy and personalized ads (formerly known as \u201cinterest-based ads\u201d) \u2013 Google Ads Help<\/a><\/p>\n<p>\u00a0<\/p>\n<p><a href=\"https:\/\/business.safety.google\/adscookies\/\">https:\/\/business.safety.google\/adscookies\/<\/a><\/p>\n<\/td>\n<\/tr>\n<\/tbody>\n<\/table>\n<p>Note: \u201cOwn\u201d cookies are used only by the owner of this website and \u201cThird Party\u201d cookies are also used by the service provider detailed in the table above.<\/p>\n<h2>You can find out about transfers to third countries that, where applicable, are carried out by the third parties identified in this cookie policy in their corresponding policies (see the links provided in the \u201cMore information\u201d section of the table above).<\/h2>\n<p><strong>\u00a0\u00a0\u00a0\u00a0\u00a0\u00a0\u00a0\u00a0\u00a0\u00a0\u00a0\u00a0\u00a0\u00a0\u00a0\u00a0\u00a0\u00a0\u00a0\u00a0\u00a0\u00a0\u00a0\u00a0\u00a0\u00a0\u00a0\u00a0\u00a0\u00a0\u00a0\u00a0\u00a0\u00a0\u00a0\u00a0\u00a0\u00a0\u00a0\u00a0\u00a0\u00a0\u00a0\u00a0\u00a0\u00a0\u00a0\u00a0\u00a0 <\/strong><\/p>\n<p><strong>HOW TO MANAGE COOKIES IN THE BROWSER?<\/strong><\/p>\n<p>The user has the option to allow, block or delete the cookies installed on their computer by configuring the options of the browser installed on their terminal:<\/p>\n<ul>\n<li><strong>Firefox<\/strong>:<\/li>\n<\/ul>\n<p><a href=\"http:\/\/support.mozilla.org\/es\/kb\/habilitar-y-deshabilitar-cookies-que-los-sitios-we\">http:\/\/support.mozilla.org\/es\/kb\/habilitar-y-deshabilitar-cookies-que-los-sitios-we<\/a><\/p>\n<p>\u00a0<\/p>\n<ul>\n<li><strong>Chrome<\/strong>:<\/li>\n<\/ul>\n<p><a href=\"http:\/\/support.google.com\/chrome\/bin\/answer.py?hl=es&amp;answer=95647\">http:\/\/support.google.com\/chrome\/bin\/answer.py?hl=es&amp;answer=95647<\/a><\/p>\n<p>\u00a0<\/p>\n<ul>\n<li><strong>Internet Explorer<\/strong>:<\/li>\n<\/ul>\n<p><a href=\"https:\/\/support.microsoft.com\/es-es\/help\/278835\/how-to-delete-cookie-files-in-internet-explorer\">https:\/\/support.microsoft.com\/es-es\/help\/278835\/how-to-delete-cookie-files-in-internet-explorer<\/a><\/p>\n<p>\u00a0<\/p>\n<ul>\n<li><strong>Microsoft Edge:<\/strong><\/li>\n<\/ul>\n<p><a href=\"https:\/\/support.microsoft.com\/es-es\/help\/4468242\/microsoft-edge-browsing-data-and-privacy-microsoft-privacy\">https:\/\/support.microsoft.com\/es-es\/help\/4468242\/microsoft-edge-browsing-data-and-privacy-microsoft-privacy<\/a><\/p>\n<p>\u00a0<\/p>\n<ul>\n<li><strong>Safari<\/strong>:<\/li>\n<\/ul>\n<p><a href=\"http:\/\/support.apple.com\/kb\/ph5042\">http:\/\/support.apple.com\/kb\/ph5042<\/a><\/p>\n<p>\u00a0<\/p>\n<ul>\n<li><strong>Opera<\/strong>:<\/li>\n<\/ul>\n<p><a href=\"http:\/\/help.opera.com\/Windows\/11.50\/es-ES\/cookies.html\">http:\/\/help.opera.com\/Windows\/11.50\/es-ES\/cookies.html<\/a><\/p>\n<p>\u00a0<\/p>\n<p>If you block the use of cookies in your browser, some services or functionalities of the website may not be available.<\/p>\n<p>Some browsers can configure specific rules to manage cookies per website, offering finer control over privacy. This means that you can disable cookies from all sites except those you trust.<\/p>\n<p><!-- \/wp:paragraph --><\/p>\t\t\t\t\t\t<\/div>\n\t\t\t\t<\/div>\n\t\t\t\t\t<\/div>\n\t\t<\/div>\n\t\t\t\t\t<\/div>\n\t\t<\/section>\n\t\t\t\t<\/div>","protected":false},"excerpt":{"rendered":"<p>Este sitio web utiliza cookies propias y de terceros para ofrecerle una mejor experiencia y servicio. Al navegar o utilizar nuestros servicios el usuario acepta el uso que hacemos de las cookies. Sin embargo, el usuario tiene la opci\u00f3n de impedir la generaci\u00f3n de cookies y la eliminaci\u00f3n de las mismas. \u00a0 \u00bfQU\u00c9 ES UNA [&hellip;]<\/p>","protected":false},"author":4,"featured_media":0,"parent":0,"menu_order":0,"comment_status":"closed","ping_status":"closed","template":"","meta":{"footnotes":""},"class_list":["post-515","page","type-page","status-publish","hentry"],"yoast_head":"<!-- This site is optimized with the Yoast SEO plugin v23.6 - https:\/\/yoast.com\/wordpress\/plugins\/seo\/ -->\n<title>Pol\u00edtica de cookies - Grupo Autor<\/title>\n<meta name=\"robots\" content=\"noindex, follow\" \/>\n<meta property=\"og:locale\" content=\"en_US\" \/>\n<meta property=\"og:type\" content=\"article\" \/>\n<meta property=\"og:title\" content=\"Pol\u00edtica de cookies - Grupo Autor\" \/>\n<meta property=\"og:description\" content=\"Este sitio web utiliza cookies propias y de terceros para ofrecerle una mejor experiencia y servicio. Al navegar o utilizar nuestros servicios el usuario acepta el uso que hacemos de las cookies. Sin embargo, el usuario tiene la opci\u00f3n de impedir la generaci\u00f3n de cookies y la eliminaci\u00f3n de las mismas. \u00a0 \u00bfQU\u00c9 ES UNA [&hellip;]\" \/>\n<meta property=\"og:url\" content=\"https:\/\/grupoautor.es\/en\/politica-de-cookies\/\" \/>\n<meta property=\"og:site_name\" content=\"Grupo Autor\" \/>\n<meta property=\"article:modified_time\" content=\"2023-12-19T14:36:17+00:00\" \/>\n<meta name=\"twitter:card\" content=\"summary_large_image\" \/>\n<meta name=\"twitter:label1\" content=\"Est. reading time\" \/>\n\t<meta name=\"twitter:data1\" content=\"6 minutes\" \/>\n<script type=\"application\/ld+json\" class=\"yoast-schema-graph\">{\"@context\":\"https:\/\/schema.org\",\"@graph\":[{\"@type\":\"WebPage\",\"@id\":\"https:\/\/grupoautor.es\/politica-de-cookies\/\",\"url\":\"https:\/\/grupoautor.es\/politica-de-cookies\/\",\"name\":\"Pol\u00edtica de cookies - Grupo Autor\",\"isPartOf\":{\"@id\":\"https:\/\/grupoautor.es\/#website\"},\"datePublished\":\"2021-05-27T09:49:27+00:00\",\"dateModified\":\"2023-12-19T14:36:17+00:00\",\"breadcrumb\":{\"@id\":\"https:\/\/grupoautor.es\/politica-de-cookies\/#breadcrumb\"},\"inLanguage\":\"en-US\",\"potentialAction\":[{\"@type\":\"ReadAction\",\"target\":[\"https:\/\/grupoautor.es\/politica-de-cookies\/\"]}]},{\"@type\":\"BreadcrumbList\",\"@id\":\"https:\/\/grupoautor.es\/politica-de-cookies\/#breadcrumb\",\"itemListElement\":[{\"@type\":\"ListItem\",\"position\":1,\"name\":\"Portada\",\"item\":\"https:\/\/grupoautor.es\/\"},{\"@type\":\"ListItem\",\"position\":2,\"name\":\"Pol\u00edtica de cookies\"}]},{\"@type\":\"WebSite\",\"@id\":\"https:\/\/grupoautor.es\/#website\",\"url\":\"https:\/\/grupoautor.es\/\",\"name\":\"Grupo Autor\",\"description\":\"Frutas premium y de calidad\",\"potentialAction\":[{\"@type\":\"SearchAction\",\"target\":{\"@type\":\"EntryPoint\",\"urlTemplate\":\"https:\/\/grupoautor.es\/?s={search_term_string}\"},\"query-input\":{\"@type\":\"PropertyValueSpecification\",\"valueRequired\":true,\"valueName\":\"search_term_string\"}}],\"inLanguage\":\"en-US\"}]}<\/script>\n<!-- \/ Yoast SEO plugin. -->","yoast_head_json":{"title":"Pol\u00edtica de cookies - Grupo Autor","robots":{"index":"noindex","follow":"follow"},"og_locale":"en_US","og_type":"article","og_title":"Pol\u00edtica de cookies - Grupo Autor","og_description":"Este sitio web utiliza cookies propias y de terceros para ofrecerle una mejor experiencia y servicio. Al navegar o utilizar nuestros servicios el usuario acepta el uso que hacemos de las cookies. Sin embargo, el usuario tiene la opci\u00f3n de impedir la generaci\u00f3n de cookies y la eliminaci\u00f3n de las mismas. \u00a0 \u00bfQU\u00c9 ES UNA [&hellip;]","og_url":"https:\/\/grupoautor.es\/en\/politica-de-cookies\/","og_site_name":"Grupo Autor","article_modified_time":"2023-12-19T14:36:17+00:00","twitter_card":"summary_large_image","twitter_misc":{"Est. reading time":"6 minutes"},"schema":{"@context":"https:\/\/schema.org","@graph":[{"@type":"WebPage","@id":"https:\/\/grupoautor.es\/politica-de-cookies\/","url":"https:\/\/grupoautor.es\/politica-de-cookies\/","name":"Pol\u00edtica de cookies - Grupo Autor","isPartOf":{"@id":"https:\/\/grupoautor.es\/#website"},"datePublished":"2021-05-27T09:49:27+00:00","dateModified":"2023-12-19T14:36:17+00:00","breadcrumb":{"@id":"https:\/\/grupoautor.es\/politica-de-cookies\/#breadcrumb"},"inLanguage":"en-US","potentialAction":[{"@type":"ReadAction","target":["https:\/\/grupoautor.es\/politica-de-cookies\/"]}]},{"@type":"BreadcrumbList","@id":"https:\/\/grupoautor.es\/politica-de-cookies\/#breadcrumb","itemListElement":[{"@type":"ListItem","position":1,"name":"Portada","item":"https:\/\/grupoautor.es\/"},{"@type":"ListItem","position":2,"name":"Pol\u00edtica de cookies"}]},{"@type":"WebSite","@id":"https:\/\/grupoautor.es\/#website","url":"https:\/\/grupoautor.es\/","name":"Grupo Autor","description":"Frutas premium y de calidad","potentialAction":[{"@type":"SearchAction","target":{"@type":"EntryPoint","urlTemplate":"https:\/\/grupoautor.es\/?s={search_term_string}"},"query-input":{"@type":"PropertyValueSpecification","valueRequired":true,"valueName":"search_term_string"}}],"inLanguage":"en-US"}]}},"_links":{"self":[{"href":"https:\/\/grupoautor.es\/en\/wp-json\/wp\/v2\/pages\/515","targetHints":{"allow":["GET"]}}],"collection":[{"href":"https:\/\/grupoautor.es\/en\/wp-json\/wp\/v2\/pages"}],"about":[{"href":"https:\/\/grupoautor.es\/en\/wp-json\/wp\/v2\/types\/page"}],"author":[{"embeddable":true,"href":"https:\/\/grupoautor.es\/en\/wp-json\/wp\/v2\/users\/4"}],"replies":[{"embeddable":true,"href":"https:\/\/grupoautor.es\/en\/wp-json\/wp\/v2\/comments?post=515"}],"version-history":[{"count":11,"href":"https:\/\/grupoautor.es\/en\/wp-json\/wp\/v2\/pages\/515\/revisions"}],"predecessor-version":[{"id":2902,"href":"https:\/\/grupoautor.es\/en\/wp-json\/wp\/v2\/pages\/515\/revisions\/2902"}],"wp:attachment":[{"href":"https:\/\/grupoautor.es\/en\/wp-json\/wp\/v2\/media?parent=515"}],"curies":[{"name":"wp","href":"https:\/\/api.w.org\/{rel}","templated":true}]}}